{"id":4808,"date":"2022-11-24T09:23:48","date_gmt":"2022-11-24T08:23:48","guid":{"rendered":"https:\/\/www.pastisseriagirones.cat\/?page_id=4808"},"modified":"2025-10-11T19:16:03","modified_gmt":"2025-10-11T17:16:03","slug":"avis-legal","status":"publish","type":"page","link":"https:\/\/www.pastisseriagirones.cat\/en\/avis-legal\/","title":{"rendered":"Legal Notice"},"content":{"rendered":"<h4>Information on Compliance with Article 10 of the LSSI<\/h4>\n<h3>The owner of this website is:<\/h3>\n<p>Identity: <strong>Lu\u00eds Ram\u00f3n Chamorro Pentinat<\/strong><br \/>\nNIF: <strong>40530975F<\/strong><br \/>\nAddress: <strong>Carrer Anselm Clav\u00e9, 10 | 17220 Sant Feliu de Gu\u00edxols. Girona<br \/>\n<\/strong>Telephone: <strong>972 320 695<br \/>\n<\/strong>Email<strong>:<\/strong> <a href=\"mailto:pastisseriagirones@hotmail.es\"><strong>pastisseriagirones@hotmail.es<\/strong><\/a><\/p>\n<h3>Terms of use<\/h3>\n<p style=\"text-align: justify;\">The use of this website implies full acceptance of the terms and conditions of this legal notice. Possible conflicts relating to this website will be governed exclusively by the law of the Spanish State. Any user of the website, regardless of the territorial jurisdiction from which access occurs, accepts compliance with and respect for these clauses, expressly waiving any other jurisdiction that may apply to them.<\/p>\n<h3>Intellectual and industrial property<\/h3>\n<p style=\"text-align: justify;\">The entire content of this website, whether texts, images, sounds, brands, logos or other elements, as well as substructure, design, color combinations or form of presentation of the materials, are protected by industrial and intellectual property rights that the user of this website must respect. Its transformation or alteration, public communication or any other form of exploitation by any procedure is not permitted without the express authorization of <strong>Lu\u00eds Ram\u00f3n Chamorro Pentinat<\/strong>.<\/p>\n<h3>Responsibility for content<\/h3>\n<p style=\"text-align: justify;\" class=\"translation-block\">Although <strong>Lu\u00eds Ram\u00f3n Chamorro Pentinat<\/strong> acts with the utmost diligence, it may be the case that some data or information is not completely updated at the time the user of the website consults it. Therefore, the information presented on this website has a guiding function and does not oblige <strong>Lu\u00eds Ram\u00f3n Chamorro Pentinat<\/strong><\/p>\n<p style=\"text-align: justify;\"><strong>Lu\u00eds Ram\u00f3n Chamorro Pentinat<\/strong>\u00a0will not be responsible for the information that can be obtained through links included on its website.<\/p>\n<p style=\"text-align: justify;\"><strong>Lu\u00eds Ram\u00f3n Chamorro Pentinat<\/strong>\u00a0reserves the right to make, at any time and without prior notice, modifications or updates to the information and any of the elements that make up the design and configuration of the website.<\/p>\n<h3>Applicable law and jurisdiction<\/h3>\n<p style=\"text-align: justify;\">The use of this website implies full acceptance of the terms and conditions in this legal notice. Possible conflicts relating to this website will be governed exclusively by Spanish legislation, with the Spanish Courts and Tribunals having jurisdiction to hear any question that may arise therefrom. The user, by virtue of his acceptance, expressly waives any jurisdiction that may apply to him under the current Civil Procedure Law.<\/p>","protected":false},"excerpt":{"rendered":"<p>Informaci\u00f3 de Conformitat amb l&#8217;article 10 de la LSSI El titular d&#8217;aquesta web \u00e9s: Identitat: Lu\u00eds Ram\u00f3n Chamorro Pentinat NIF: 40530975F Adre\u00e7a: Carrer Anselm Clav\u00e9, 10 | 17220 Sant Feliu de Gu\u00edxols. Girona Tel\u00e8fon: 972 320 695 Correu electr\u00f2nic: pastisseriagirones@hotmail.es Condicions d&#8217;\u00fas L&#8217;\u00fas d&#8217;aquest web implica l&#8217;acceptaci\u00f3 plena dels termes i condicions del present av\u00eds<br \/><a class=\"moretag\" href=\"https:\/\/www.pastisseriagirones.cat\/en\/avis-legal\/\">+ Read More<\/a><\/p>","protected":false},"author":1,"featured_media":5082,"parent":0,"menu_order":0,"comment_status":"closed","ping_status":"closed","template":"templates\/page-fullwidth_template.php","meta":{"footnotes":""},"class_list":["post-4808","page","type-page","status-publish","has-post-thumbnail","hentry"],"_links":{"self":[{"href":"https:\/\/www.pastisseriagirones.cat\/en\/wp-json\/wp\/v2\/pages\/4808","targetHints":{"allow":["GET"]}}],"collection":[{"href":"https:\/\/www.pastisseriagirones.cat\/en\/wp-json\/wp\/v2\/pages"}],"about":[{"href":"https:\/\/www.pastisseriagirones.cat\/en\/wp-json\/wp\/v2\/types\/page"}],"author":[{"embeddable":true,"href":"https:\/\/www.pastisseriagirones.cat\/en\/wp-json\/wp\/v2\/users\/1"}],"replies":[{"embeddable":true,"href":"https:\/\/www.pastisseriagirones.cat\/en\/wp-json\/wp\/v2\/comments?post=4808"}],"version-history":[{"count":0,"href":"https:\/\/www.pastisseriagirones.cat\/en\/wp-json\/wp\/v2\/pages\/4808\/revisions"}],"wp:featuredmedia":[{"embeddable":true,"href":"https:\/\/www.pastisseriagirones.cat\/en\/wp-json\/wp\/v2\/media\/5082"}],"wp:attachment":[{"href":"https:\/\/www.pastisseriagirones.cat\/en\/wp-json\/wp\/v2\/media?parent=4808"}],"curies":[{"name":"wp","href":"https:\/\/api.w.org\/{rel}","templated":true}]}}