{"id":6110,"date":"2025-10-15T21:27:51","date_gmt":"2025-10-15T19:27:51","guid":{"rendered":"https:\/\/www.pastisseriagirones.cat\/?page_id=6110"},"modified":"2025-11-26T15:20:49","modified_gmt":"2025-11-26T14:20:49","slug":"declaracio-daccessibilitat","status":"publish","type":"page","link":"https:\/\/www.pastisseriagirones.cat\/es\/declaracio-daccessibilitat\/","title":{"rendered":"Declaraci\u00f3n de accesibilidad"},"content":{"rendered":"<h3 class=\"wp-block-heading\">Situaci\u00f3n de cumplimiento<\/h3>\n\n\n\n<p>Luis Ram\u00f3n Chamorro Pentinat (en adelante, tambi\u00e9n Sitio Web) es parcialmente conforme con el Real Decreto 1112\/2018, de 7 de septiembre, debido a la falta de conformidad de los aspectos que se indican a continuaci\u00f3n.<\/p>\n\n\n\n<h4 class=\"wp-block-heading\">Contenido no accesible<\/h4>\n\n\n\n<p>El contenido que se recoge a continuaci\u00f3n no es accesible por los siguientes motivos:<\/p>\n\n\n\n<p><strong>a. Falta de conformidad con el RD 1112\/2018<\/strong><\/p>\n\n\n\n<ul class=\"wp-block-list\">\n<li>Puede haber contenidos no textuales que no tengan una alternativa textual, o que tengan una alternativa que no es adecuada.<\/li>\n\n\n\n<li>Pueden existir documentos con im\u00e1genes que no disponen de una alternativa textual adecuada.<\/li>\n<\/ul>\n\n\n\n<p><strong>b. C\u00e0rrega desproporcionada:<\/strong>&nbsp;No s\u2019aplica.<\/p>\n\n\n\n<p><strong>c. Contingut no entra dins l\u2019\u00e0mbit de la legislaci\u00f3 aplicable:<\/strong><\/p>\n\n\n\n<ul class=\"wp-block-list\">\n<li>Pueden existir archivos de ofim\u00e1tica en PDF y otros formatos publicados antes del 20 de septiembre de 2018 que no cumplan totalmente todos los requisitos de accesibilidad. Se ha procurado que la mayor\u00eda s\u00ed lo cumplan.<\/li>\n\n\n\n<li>Puede haber contenidos de terceros que no est\u00e9n desarrollados en esta Unidad ni bajo su control como im\u00e1genes, mapas interactivos, v\u00eddeos, documentos, reproductores, etc.<\/li>\n\n\n\n<li>El sitio web est\u00e1 creado con un CMS (WordPress), por lo que debido a alguna actualizaci\u00f3n o cambio en los sistemas, puede que no todo el contenido generado o autogenerado cumpla todas las normativas de accesibilidad.<\/li>\n<\/ul>\n\n\n\n<h4 class=\"wp-block-heading\">Preparaci\u00f3n de esta declaraci\u00f3n de accesibilidad<\/h4>\n\n\n\n<p>Esta declaraci\u00f3n fue preparada el d\u00eda 25\/10\/2025<\/p>\n\n\n\n<p>El m\u00e9todo empleado para preparar la declaraci\u00f3n ha sido una autoevaluaci\u00f3n llevada a cabo por la propia empresa.<\/p>\n\n\n\n<p>\u00daltima revisi\u00f3n de la declaraci\u00f3n: 25\/10\/2025<\/p>\n\n\n\n<h4 class=\"wp-block-heading\">Observaciones y datos de contacto<\/h4>\n\n\n\n<p>Puede realizar comunicaciones sobre requisitos de accesibilidad (art\u00edculo 10.2.a del Real decreto 1112\/2018, de 7 de septiembre) como, por ejemplo:<\/p>\n\n\n\n<ul class=\"wp-block-list\">\n<li>Informar sobre cualquier posible incumplimiento por parte de este sitio web.<\/li>\n\n\n\n<li>Transmitir otras dificultades de acceso al contenido.<\/li>\n\n\n\n<li>Formular cualquier otra consulta o sugerencia de mejora relativa a la accesibilidad del sitio web.<\/li>\n<\/ul>\n\n\n\n<p>A trav\u00e9s de las siguientes v\u00edas:<\/p>\n\n\n\n<ul class=\"wp-block-list\">\n<li>Correo electr\u00f3nico: pastisseriagirones@hotmail.es<\/li>\n\n\n\n<li>Tel\u00e9fono:\u00a0972 320 695<\/li>\n<\/ul>\n\n\n\n<p>De acuerdo con el art\u00edculo 10.2.b del RD 1112\/2018, tambi\u00e9n puede presentar:<\/p>\n\n\n\n<ul class=\"wp-block-list\">\n<li>Una queja relativa al cumplimiento de los requisitos del RD 1112\/2018.<\/li>\n\n\n\n<li>Una solicitud de informaci\u00f3n accesible relativa a:\n<ul class=\"wp-block-list\">\n<li>Contenidos que est\u00e1n excluidos del \u00e1mbito de aplicaci\u00f3n del RD 1112\/2018 seg\u00fan lo que establece el art\u00edculo 3, apartado 4.<\/li>\n\n\n\n<li>Contenidos que est\u00e1n exentos del cumplimiento de los requisitos de accesibilidad por imponer una carga desproporcionada.<\/li>\n<\/ul>\n<\/li>\n<\/ul>\n\n\n\n<p>En la Solicitud de informaci\u00f3n accesible, deben concretarse, con toda claridad, los hechos, las razones y la petici\u00f3n que permitan constatar que se trata de una solicitud razonable y leg\u00edtima.<\/p>\n\n\n\n<p>Las comunicaciones ser\u00e1n recibidas y tratadas por la direcci\u00f3n de la empresa como unidad responsable de los contenidos de este sitio web.<\/p>\n\n\n\n<h4 class=\"wp-block-heading\">Contenido opcional<\/h4>\n\n\n\n<p>La versi\u00f3n actualmente visible de este sitio web es del d\u00eda 15\/10\/2025 y en ese momento se hizo la revisi\u00f3n del nivel de accesibilidad vigente en ese momento.<\/p>\n\n\n\n<p>A partir de la citada fecha se llevan a cabo revisiones parciales diarias del contenido web nuevo o modificado, tanto de las plantillas como de las p\u00e1ginas y documentos finales publicados, a fin de asegurar el cumplimiento de los requerimientos de accesibilidad de la Norma UNE-EN 301549:2022, considerando las excepciones del Real Decreto 1112\/7.<\/p>\n\n\n\n<p>Entre otras, se adoptan las siguientes medidas para facilitar la accesibilidad:<\/p>\n\n\n\n<ul class=\"wp-block-list\">\n<li>Utilizaci\u00f3n de texto alternativo en las im\u00e1genes.<\/li>\n\n\n\n<li>Los enlaces ofrecen detalles de la funci\u00f3n o destino del hiperenlace.<\/li>\n\n\n\n<li>Uso de los est\u00e1ndares de W3C: XHTML 1.0, CSS 3.0, WAI AA.<\/li>\n<\/ul>\n\n\n\n<h4 class=\"wp-block-heading\">Compatibilidad<\/h4>\n\n\n\n<p>El sitio web:<\/p>\n\n\n\n<ul class=\"wp-block-list\">\n<li>se ha dise\u00f1ado adapt\u00e1ndose a los est\u00e1ndares y normativas vigentes en relaci\u00f3n a la accesibilidad, cumpliendo con los puntos de verificaci\u00f3n de prioridad 2 (AA) definidos en la especificaci\u00f3n de Pautas de Accesibilidad al Contenido en la Web (WCAG 2.1).<\/li>\n\n\n\n<li>est\u00e1 optimizado para las \u00faltimas versiones vigentes de Chrome, Edge, Firefox, Safari y Opera.<\/li>\n\n\n\n<li>est\u00e1 dise\u00f1ado para su correcta visualizaci\u00f3n en cualquier resoluci\u00f3n y dispositivo de escritorio, tabletas o m\u00f3viles (dise\u00f1o responsive).<\/li>\n\n\n\n<li>se ha realizado utilizando HTML5 como lenguaje de marcado y hojas de estilo CSS 3 para el dise\u00f1o.<\/li>\n<\/ul>\n\n\n\n<p>Adem\u00e1s, se realiza un trabajo continuo de auditor\u00eda y revisi\u00f3n de contenidos para facilitar su interpretaci\u00f3n y mejorar la navegaci\u00f3n por el portal web.<\/p>","protected":false},"excerpt":{"rendered":"<p>Situaci\u00f3 de compliment Lu\u00eds Ram\u00f3n Chamorro Pentinat (d\u2019ara endavant, tamb\u00e9 Lloc Web) \u00e9s parcialment conforme amb el Reial Decret 1112\/2018, de 7 de setembre, a causa de la manca de conformitat dels aspectes que s\u2019indiquen a continuaci\u00f3. Contingut no accessible El contingut que es recull a continuaci\u00f3 no \u00e9s accessible pels motius seg\u00fcents: a. Manca<br \/><a class=\"moretag\" href=\"https:\/\/www.pastisseriagirones.cat\/es\/declaracio-daccessibilitat\/\">+ Read More<\/a><\/p>","protected":false},"author":1,"featured_media":0,"parent":0,"menu_order":0,"comment_status":"closed","ping_status":"closed","template":"templates\/page-fullwidth_template.php","meta":{"footnotes":""},"class_list":["post-6110","page","type-page","status-publish","hentry"],"_links":{"self":[{"href":"https:\/\/www.pastisseriagirones.cat\/es\/wp-json\/wp\/v2\/pages\/6110","targetHints":{"allow":["GET"]}}],"collection":[{"href":"https:\/\/www.pastisseriagirones.cat\/es\/wp-json\/wp\/v2\/pages"}],"about":[{"href":"https:\/\/www.pastisseriagirones.cat\/es\/wp-json\/wp\/v2\/types\/page"}],"author":[{"embeddable":true,"href":"https:\/\/www.pastisseriagirones.cat\/es\/wp-json\/wp\/v2\/users\/1"}],"replies":[{"embeddable":true,"href":"https:\/\/www.pastisseriagirones.cat\/es\/wp-json\/wp\/v2\/comments?post=6110"}],"version-history":[{"count":1,"href":"https:\/\/www.pastisseriagirones.cat\/es\/wp-json\/wp\/v2\/pages\/6110\/revisions"}],"predecessor-version":[{"id":6216,"href":"https:\/\/www.pastisseriagirones.cat\/es\/wp-json\/wp\/v2\/pages\/6110\/revisions\/6216"}],"wp:attachment":[{"href":"https:\/\/www.pastisseriagirones.cat\/es\/wp-json\/wp\/v2\/media?parent=6110"}],"curies":[{"name":"wp","href":"https:\/\/api.w.org\/{rel}","templated":true}]}}