{"id":4808,"date":"2022-11-24T09:23:48","date_gmt":"2022-11-24T08:23:48","guid":{"rendered":"https:\/\/www.pastisseriagirones.cat\/?page_id=4808"},"modified":"2025-10-11T19:16:03","modified_gmt":"2025-10-11T17:16:03","slug":"avis-legal","status":"publish","type":"page","link":"https:\/\/www.pastisseriagirones.cat\/fr\/avis-legal\/","title":{"rendered":"Avertissement l\u00e9gal"},"content":{"rendered":"<h4>Informations sur la conformit\u00e9 \u00e0 l'article 10 de la LSSI<\/h4>\n<h3>Le propri\u00e9taire de ce site web est:<\/h3>\n<p>Identit\u00e9: <strong>Lu\u00eds Ram\u00f3n Chamorro Pentinat<\/strong><br \/>\nNIF: <strong>40530975F<\/strong><br \/>\nAdresse: <strong>Carrer Anselm Clav\u00e9, 10 | 17220 Sant Feliu de Gu\u00edxols. Girona<br \/>\n<\/strong>T\u00e9l\u00e9phone: <strong>972 320 695<br \/>\n<\/strong>E-mail<strong>:<\/strong> <a href=\"mailto:pastisseriagirones@hotmail.es\"><strong>pastisseriagirones@hotmail.es<\/strong><\/a><\/p>\n<h3>Conditions d'utilisation<\/h3>\n<p style=\"text-align: justify;\">L\u2019utilisation de ce site web implique l\u2019acceptation pleine et enti\u00e8re des termes et conditions des pr\u00e9sentes mentions l\u00e9gales. Tout litige relatif \u00e0 ce site web sera r\u00e9gi exclusivement par le droit espagnol. Tout utilisateur du site web, quel que soit son lieu de connexion, s\u2019engage \u00e0 respecter les pr\u00e9sentes clauses et renonce express\u00e9ment \u00e0 toute autre juridiction.<\/p>\n<h3>Propri\u00e9t\u00e9 intellectuelle et industrielle<\/h3>\n<p style=\"text-align: justify;\">L'int\u00e9gralit\u00e9 du contenu de ce site web, qu'il s'agisse de textes, d'images, de sons, de marques, de logos ou d'autres \u00e9l\u00e9ments, ainsi que sa structure, son design, ses combinaisons de couleurs ou sa pr\u00e9sentation, est prot\u00e9g\u00e9e par des droits de propri\u00e9t\u00e9 industrielle et intellectuelle que l'utilisateur de ce site web est tenu de respecter. Toute transformation, alt\u00e9ration, communication publique ou autre forme d'exploitation par quelque proc\u00e9d\u00e9 que ce soit est interdite sans l'autorisation expresse de <strong>Lu\u00eds Ram\u00f3n Chamorro Pentinat<\/strong>.<\/p>\n<h3>Responsabilit\u00e9 du contenu<\/h3>\n<p style=\"text-align: justify;\" class=\"translation-block\">Bien que <strong>Lu\u00eds Ram\u00f3n Chamorro Pentinat<\/strong> agisse avec la plus grande diligence possible, il se peut que certaines donn\u00e9es ou informations ne soient pas compl\u00e8tement \u00e0 jour au moment o\u00f9 l'utilisateur du site Web les consulte. Par cons\u00e9quent, les informations pr\u00e9sent\u00e9es sur ce site Web ont une fonction indicative et n'engagent pas <strong>Lu\u00eds Ram\u00f3n Chamorro Pentinat<\/strong><\/p>\n<p style=\"text-align: justify;\"><strong>Lu\u00eds Ram\u00f3n Chamorro Pentinat<\/strong>\u00a0ne sera pas responsable des informations pouvant \u00eatre obtenues via les liens inclus sur son site web.<\/p>\n<p style=\"text-align: justify;\"><strong>Lu\u00eds Ram\u00f3n Chamorro Pentinat<\/strong>\u00a0se r\u00e9serve le droit d'apporter, \u00e0 tout moment et sans pr\u00e9avis, des modifications ou des mises \u00e0 jour aux informations et \u00e0 l'un quelconque des \u00e9l\u00e9ments qui composent la conception et la configuration du site Web.<\/p>\n<h3>Droit applicable et juridiction<\/h3>\n<p style=\"text-align: justify;\">L\u2019utilisation de ce site web implique l\u2019acceptation pleine et enti\u00e8re des conditions g\u00e9n\u00e9rales \u00e9nonc\u00e9es dans les pr\u00e9sentes mentions l\u00e9gales. Tout litige relatif \u00e0 ce site web sera r\u00e9gi exclusivement par le droit espagnol, les tribunaux espagnols \u00e9tant comp\u00e9tents pour conna\u00eetre de toute question pouvant en d\u00e9couler. L\u2019utilisateur, du fait de son acceptation, renonce express\u00e9ment \u00e0 toute comp\u00e9tence qui pourrait lui \u00eatre applicable en vertu du Code de proc\u00e9dure civile espagnol.<\/p>","protected":false},"excerpt":{"rendered":"<p>Informaci\u00f3 de Conformitat amb l&#8217;article 10 de la LSSI El titular d&#8217;aquesta web \u00e9s: Identitat: Lu\u00eds Ram\u00f3n Chamorro Pentinat NIF: 40530975F Adre\u00e7a: Carrer Anselm Clav\u00e9, 10 | 17220 Sant Feliu de Gu\u00edxols. Girona Tel\u00e8fon: 972 320 695 Correu electr\u00f2nic: pastisseriagirones@hotmail.es Condicions d&#8217;\u00fas L&#8217;\u00fas d&#8217;aquest web implica l&#8217;acceptaci\u00f3 plena dels termes i condicions del present av\u00eds<br \/><a class=\"moretag\" href=\"https:\/\/www.pastisseriagirones.cat\/fr\/avis-legal\/\">+ Read More<\/a><\/p>","protected":false},"author":1,"featured_media":5082,"parent":0,"menu_order":0,"comment_status":"closed","ping_status":"closed","template":"templates\/page-fullwidth_template.php","meta":{"footnotes":""},"class_list":["post-4808","page","type-page","status-publish","has-post-thumbnail","hentry"],"_links":{"self":[{"href":"https:\/\/www.pastisseriagirones.cat\/fr\/wp-json\/wp\/v2\/pages\/4808","targetHints":{"allow":["GET"]}}],"collection":[{"href":"https:\/\/www.pastisseriagirones.cat\/fr\/wp-json\/wp\/v2\/pages"}],"about":[{"href":"https:\/\/www.pastisseriagirones.cat\/fr\/wp-json\/wp\/v2\/types\/page"}],"author":[{"embeddable":true,"href":"https:\/\/www.pastisseriagirones.cat\/fr\/wp-json\/wp\/v2\/users\/1"}],"replies":[{"embeddable":true,"href":"https:\/\/www.pastisseriagirones.cat\/fr\/wp-json\/wp\/v2\/comments?post=4808"}],"version-history":[{"count":0,"href":"https:\/\/www.pastisseriagirones.cat\/fr\/wp-json\/wp\/v2\/pages\/4808\/revisions"}],"wp:featuredmedia":[{"embeddable":true,"href":"https:\/\/www.pastisseriagirones.cat\/fr\/wp-json\/wp\/v2\/media\/5082"}],"wp:attachment":[{"href":"https:\/\/www.pastisseriagirones.cat\/fr\/wp-json\/wp\/v2\/media?parent=4808"}],"curies":[{"name":"wp","href":"https:\/\/api.w.org\/{rel}","templated":true}]}}