{"id":487,"date":"2016-01-19T11:45:04","date_gmt":"2016-01-19T10:45:04","guid":{"rendered":"https:\/\/www.pastisseriagirones.cat\/?page_id=487"},"modified":"2025-10-11T19:21:01","modified_gmt":"2025-10-11T17:21:01","slug":"politica-de-privacitat","status":"publish","type":"page","link":"https:\/\/www.pastisseriagirones.cat\/fr\/politica-de-privacitat\/","title":{"rendered":"Politique de privacit\u00e9"},"content":{"rendered":"<p style=\"text-align: justify;\" class=\"translation-block\"><strong>Lu\u00eds Ram\u00f3n Chamorro Pentinat<\/strong> s'engage \u00e0 prot\u00e9ger la vie priv\u00e9e des utilisateurs qui acc\u00e8dent \u00e0 ce site web et\/ou \u00e0 l'un de ses services.<\/p>\n<p style=\"text-align: justify;\" class=\"translation-block\">L'utilisation du site web et\/ou de l'un des services propos\u00e9s par <strong>Lu\u00eds Ram\u00f3n Chamorro Pentinat<\/strong> implique l'acceptation par l'utilisateur des dispositions contenues dans la pr\u00e9sente politique de confidentialit\u00e9 et que ses donn\u00e9es personnelles seront trait\u00e9es conform\u00e9ment aux stipulations qui y sont stipul\u00e9es.<\/p>\n<p style=\"text-align: justify;\" class=\"translation-block\">Veuillez noter que m\u00eame si notre site Web peut contenir des liens vers d'autres sites, la pr\u00e9sente politique de confidentialit\u00e9 ne s'applique pas aux sites Web d'autres entreprises ou organisations vers lesquels notre site redirige. <strong>Lu\u00eds Ram\u00f3n Chamorro Pentinat<\/strong> ne contr\u00f4le pas le contenu des sites Web tiers et n'accepte aucune responsabilit\u00e9 quant au contenu ou aux politiques de confidentialit\u00e9 de ces sites Web.<\/p>\n<h4 style=\"text-align: center;\">Informations de base sur le traitement des donn\u00e9es (R\u00e8glement (UE) 2016\/679)<\/h4>\n<table style=\"width: 100%; border-collapse: collapse; border-style: solid; border-color: #e1e2e3; background-color: #f1f2f3;\" border=\"1\" cellpadding=\"1\">\n<tbody>\n<tr>\n<td style=\"width: 32.5228%;\"><span style=\"font-size: 9pt;\"><strong>Responsable du traitement<\/strong><\/span><\/td>\n<td style=\"width: 67.4037%;\"><span style=\"font-size: 9pt;\"><strong>Lu\u00eds Ram\u00f3n Chamorro Pentinat<br \/>\n<\/strong>NIF: 40530975F<br \/>\n<\/span><span style=\"font-size: 9pt;\">Carrer Anselm Clav\u00e9, 10. 17220 Sant Feliu de Gu\u00edxols (Girona)<\/span><span style=\"font-size: 9pt;\"><br \/>\n<a href=\"mailto:pastisseriagirones@hotmail.es\">pastisseriagirones@hotmail.es<\/a><\/span><\/td>\n<\/tr>\n<tr>\n<td style=\"width: 32.5228%;\"><strong><span style=\"font-size: 9pt;\">Objectif du traitement<\/span><\/strong><\/td>\n<td style=\"width: 67.4037%;\"><span style=\"font-size: 9pt;\">Offrir et g\u00e9rer nos services.<\/span><\/td>\n<\/tr>\n<tr>\n<td style=\"width: 32.5228%;\"><span style=\"font-size: 9pt;\"><strong>L\u00e9gitimation<\/strong><\/span><\/td>\n<td style=\"width: 67.4037%;\"><span style=\"font-size: 9pt;\">Consentement obtenu de la partie int\u00e9ress\u00e9e. <\/span><span style=\"font-size: 9pt;\">Ex\u00e9cution du contrat de service.<\/span><\/td>\n<\/tr>\n<tr>\n<td style=\"width: 32.5228%;\"><span style=\"font-size: 9pt;\"><strong>Destinataires<\/strong><\/span><\/td>\n<td style=\"width: 67.4037%; text-align: justify;\"><span style=\"font-size: 9pt;\">Les donn\u00e9es ne seront pas communiqu\u00e9es \u00e0 des tiers, sauf si la loi l'exige ou si cela est n\u00e9cessaire pour atteindre la finalit\u00e9 du traitement.<\/span><\/td>\n<\/tr>\n<tr>\n<td style=\"width: 32.5228%;\"><span style=\"font-size: 9pt;\"><strong>Droits du peuple<\/strong><\/span><\/td>\n<td style=\"width: 67.4037%; text-align: justify;\"><span style=\"font-size: 9pt;\">Les personnes int\u00e9ress\u00e9es ont le droit d'exercer leurs droits d'acc\u00e8s, de rectification, de limitation du traitement, d'effacement, de portabilit\u00e9 et d'opposition en envoyant leur demande \u00e0 notre adresse.<\/span><\/td>\n<\/tr>\n<tr>\n<td style=\"width: 32.5228%;\"><span style=\"font-size: 9pt;\"><strong>P\u00e9riode de conservation des donn\u00e9es<\/strong><\/span><\/td>\n<td style=\"width: 67.4037%; text-align: justify;\"><span style=\"font-size: 9pt;\">Tant que la relation commerciale est maintenue ou pendant les ann\u00e9es n\u00e9cessaires au respect des obligations l\u00e9gales.<\/span><\/td>\n<\/tr>\n<tr>\n<td style=\"width: 32.5228%;\"><span style=\"font-size: 9pt;\"><strong>R\u00e9clamation<\/strong><\/span><\/td>\n<td style=\"width: 67.4037%; text-align: justify;\"><span style=\"font-size: 9pt;\">Les parties int\u00e9ress\u00e9es peuvent contacter l'AEPD pour d\u00e9poser la r\u00e9clamation qu'elles jugent appropri\u00e9e.<\/span><\/td>\n<\/tr>\n<tr>\n<td style=\"width: 32.5228%;\"><span style=\"font-size: 9pt;\"><strong>Informations Compl\u00e9mentaires<\/strong><\/span><\/td>\n<td style=\"width: 67.4037%; text-align: justify;\"><span style=\"font-size: 9pt;\">Vous pouvez consulter les informations suppl\u00e9mentaires et d\u00e9taill\u00e9es ci-dessous dans les \"Questions de confidentialit\u00e9\".<\/span><\/td>\n<\/tr>\n<\/tbody>\n<\/table>\n<h3 style=\"text-align: center;\">Questions sur la confidentialit\u00e9<\/h3>\n<p style=\"text-align: justify;\">Conform\u00e9ment au R\u00e8glement (UE) 2016\/679 du Parlement europ\u00e9en et du Conseil du 27 avril 2016 (RGPD), nous vous proposons les informations suivantes concernant le traitement de vos donn\u00e9es personnelles:<\/p>\n<h4>Qui est responsable du traitement de vos donn\u00e9es ?<\/h4>\n<p>Identit\u00e9: <strong>Lu\u00eds Ram\u00f3n Chamorro Pentinat<\/strong><br \/>\nNIF: <strong>40530975F<br \/>\n<\/strong>Adresse: <strong>Carrer Anselm Clav\u00e9, 10. 17220 Sant Feliu de Gu\u00edxols (Girona).<br \/>\n<\/strong>T\u00e9l\u00e9phone: <strong>972 320 695<br \/>\n<\/strong>E-mail<strong>:<\/strong> <a href=\"mailto:pastisseriagirones@hotmail.es\"><strong>pastisseriagirones@hotmail.es<\/strong><\/a><\/p>\n<h4>Dans quel but traitons-nous vos donn\u00e9es personnelles?<\/h4>\n<ul>\n<li style=\"text-align: justify;\">Nous traitons les informations qui nous sont fournies afin de g\u00e9rer nos services.<\/li>\n<li style=\"text-align: justify;\">Si vous nous contactez via le formulaire de contact de notre site web, nous traiterons votre demande.<\/li>\n<li style=\"text-align: justify;\">Si vous nous donnez votre consentement, nous pourrons \u00e9galement traiter vos donn\u00e9es pour vous envoyer des informations sur nos activit\u00e9s, produits ou services.<\/li>\n<\/ul>\n<h4>Combien de temps conserverons-nous vos donn\u00e9es?<\/h4>\n<ul>\n<li style=\"text-align: justify;\">Les donn\u00e9es personnelles fournies seront conserv\u00e9es tant que vous utiliserez nos services ou souhaiterez recevoir des informations \u00e0 leur sujet, puis pendant les p\u00e9riodes \u00e9tablies pour nous conformer \u00e0 nos obligations l\u00e9gales.<\/li>\n<\/ul>\n<h4>Quelle est la l\u00e9gitimit\u00e9 du traitement de vos donn\u00e9es\u00a0?<\/h4>\n<p style=\"text-align: justify;\">La l\u00e9gitimit\u00e9 de leur traitement repose sur l'ex\u00e9cution du contrat de service et sur les consentements que vous nous donnez.<\/p>\n<p style=\"text-align: justify;\">Concernant les informations transmises par des mineurs de moins de 16 ans, le consentement de leur parent, tuteur ou repr\u00e9sentant l\u00e9gal est indispensable pour le traitement des donn\u00e9es personnelles. \u00c0 d\u00e9faut, le repr\u00e9sentant l\u00e9gal du mineur doit nous en informer d\u00e8s qu'il en a connaissance.<\/p>\n<h4>\u00c0 quels destinataires vos donn\u00e9es seront-elles communiqu\u00e9es\u00a0?<\/h4>\n<p style=\"text-align: justify;\">Les donn\u00e9es ne seront pas communiqu\u00e9es \u00e0 des tiers, sauf si la loi l'exige ou si cela est n\u00e9cessaire pour atteindre la finalit\u00e9 du traitement.<\/p>\n<h4>Quels sont vos droits lorsque vous nous fournissez vos donn\u00e9es?<\/h4>\n<ul>\n<li style=\"text-align: justify;\">Toute personne a le droit d'obtenir la confirmation que nous traitons ou non ses donn\u00e9es personnelles.<\/li>\n<li style=\"text-align: justify;\">Les personnes concern\u00e9es ont le droit d'acc\u00e9der \u00e0 leurs donn\u00e9es personnelles, ainsi que de demander la rectification des donn\u00e9es inexactes ou, le cas \u00e9ch\u00e9ant, leur suppression lorsque, entre autres raisons, les donn\u00e9es ne sont plus n\u00e9cessaires aux fins pour lesquelles elles ont \u00e9t\u00e9 collect\u00e9es.<\/li>\n<li style=\"text-align: justify;\">Dans certaines circonstances, les personnes concern\u00e9es peuvent demander la limitation du traitement de leurs donn\u00e9es, auquel cas nous ne les conserverons que pour l'exercice ou la d\u00e9fense de droits en justice.<\/li>\n<li style=\"text-align: justify;\">Par ailleurs, dans certaines circonstances et pour des raisons tenant \u00e0 leur situation particuli\u00e8re, les personnes concern\u00e9es peuvent s'opposer au traitement de leurs donn\u00e9es. Dans ce cas, nous cesserons de les traiter, sauf pour des motifs l\u00e9gitimes et imp\u00e9rieux ou pour la constatation, l'exercice ou la d\u00e9fense de droits en justice.<\/li>\n<li style=\"text-align: justify;\">Les personnes concern\u00e9es ont \u00e9galement le droit \u00e0 la portabilit\u00e9 de leurs donn\u00e9es.<\/li>\n<li style=\"text-align: justify;\">Enfin, les parties int\u00e9ress\u00e9es ont le droit de d\u00e9poser une plainte aupr\u00e8s de l'autorit\u00e9 de contr\u00f4le comp\u00e9tente.<\/li>\n<\/ul>\n<h4>Comment pouvez-vous exercer vos droits?<\/h4>\n<p style=\"text-align: justify;\">En nous envoyant une lettre accompagn\u00e9e d'une copie d'un document vous identifiant, \u00e0 notre adresse postale ou par courriel.<\/p>\n<h4>Comment avons-nous obtenu vos donn\u00e9es?<\/h4>\n<p style=\"text-align: justify;\">Les donn\u00e9es personnelles que nous traitons proviennent de la personne concern\u00e9e, qui garantit l'exactitude des donn\u00e9es fournies et s'engage \u00e0 nous informer de toute modification. Les donn\u00e9es marqu\u00e9es d'un ast\u00e9risque sont obligatoires pour la fourniture du service demand\u00e9.<\/p>\n<h4>Quelles donn\u00e9es traitons-nous?<\/h4>\n<p>Les cat\u00e9gories de donn\u00e9es que nous pouvons traiter sont:<\/p>\n<ul>\n<li>Donn\u00e9es d'identification.<\/li>\n<li>Adresses postales ou \u00e9lectroniques.<\/li>\n<\/ul>\n<p style=\"text-align: justify;\">Les donn\u00e9es sont limit\u00e9es, car nous ne traitons que les donn\u00e9es n\u00e9cessaires \u00e0 la fourniture de nos services et \u00e0 la gestion de notre activit\u00e9.<\/p>\n<h4>Utilisons-nous des cookies?<\/h4>\n<p>Nous utilisons des cookies lors de la navigation sur notre site web avec le consentement de l'utilisateur.<\/p>\n<p style=\"text-align: justify;\">L'utilisateur peut configurer son navigateur pour \u00eatre averti de l'utilisation des cookies et pour s'y opposer. Veuillez consulter notre <a href=\"https:\/\/www.pastisseriagirones.cat\/fr\/politica-de-cookies\/\"><strong>politique en mati\u00e8re de cookies<\/strong><\/a>.<\/p>\n<h4>Quelles mesures de s\u00e9curit\u00e9 appliquons-nous?<\/h4>\n<p style=\"text-align: justify;\">Nous appliquons les mesures de s\u00e9curit\u00e9 pr\u00e9vues \u00e0 l'article 32 du RGPD ; par cons\u00e9quent, nous avons adopt\u00e9 les mesures de s\u00e9curit\u00e9 n\u00e9cessaires pour garantir un niveau de s\u00e9curit\u00e9 adapt\u00e9 au risque du traitement des donn\u00e9es que nous effectuons, avec des m\u00e9canismes qui nous permettent de garantir la confidentialit\u00e9, l'int\u00e9grit\u00e9, la disponibilit\u00e9 et la r\u00e9silience permanente des syst\u00e8mes et services de traitement.<\/p>\n<p style=\"text-align: justify;\">Voici quelques-unes de ces mesures\u00a0:<\/p>\n<ul>\n<li>Information du personnel sur les politiques de traitement des donn\u00e9es.<\/li>\n<li>Sauvegardes r\u00e9guli\u00e8res.<\/li>\n<li>Contr\u00f4le d'acc\u00e8s aux donn\u00e9es.<\/li>\n<li>Processus r\u00e9guliers de v\u00e9rification, d'\u00e9valuation et d'appr\u00e9ciation.<\/li>\n<\/ul>","protected":false},"excerpt":{"rendered":"<p>Lu\u00eds Ram\u00f3n Chamorro Pentinat\u00a0es compromet a protegir la privacitat dels usuaris que accedeixin a aquesta web i\/o qualsevol dels seus serveis. La utilitzaci\u00f3 de la web i\/o de qualsevol dels serveis oferts per Lu\u00eds Ram\u00f3n Chamorro Pentinat, implica l&#8217;acceptaci\u00f3 per l&#8217;usuari de les disposicions contingudes en la present Pol\u00edtica de Privacitat i que les seves<br \/><a class=\"moretag\" href=\"https:\/\/www.pastisseriagirones.cat\/fr\/politica-de-privacitat\/\">+ Read More<\/a><\/p>","protected":false},"author":1,"featured_media":5082,"parent":0,"menu_order":0,"comment_status":"closed","ping_status":"closed","template":"templates\/page-fullwidth_template.php","meta":{"footnotes":""},"class_list":["post-487","page","type-page","status-publish","has-post-thumbnail","hentry"],"_links":{"self":[{"href":"https:\/\/www.pastisseriagirones.cat\/fr\/wp-json\/wp\/v2\/pages\/487","targetHints":{"allow":["GET"]}}],"collection":[{"href":"https:\/\/www.pastisseriagirones.cat\/fr\/wp-json\/wp\/v2\/pages"}],"about":[{"href":"https:\/\/www.pastisseriagirones.cat\/fr\/wp-json\/wp\/v2\/types\/page"}],"author":[{"embeddable":true,"href":"https:\/\/www.pastisseriagirones.cat\/fr\/wp-json\/wp\/v2\/users\/1"}],"replies":[{"embeddable":true,"href":"https:\/\/www.pastisseriagirones.cat\/fr\/wp-json\/wp\/v2\/comments?post=487"}],"version-history":[{"count":0,"href":"https:\/\/www.pastisseriagirones.cat\/fr\/wp-json\/wp\/v2\/pages\/487\/revisions"}],"wp:featuredmedia":[{"embeddable":true,"href":"https:\/\/www.pastisseriagirones.cat\/fr\/wp-json\/wp\/v2\/media\/5082"}],"wp:attachment":[{"href":"https:\/\/www.pastisseriagirones.cat\/fr\/wp-json\/wp\/v2\/media?parent=487"}],"curies":[{"name":"wp","href":"https:\/\/api.w.org\/{rel}","templated":true}]}}