{"id":6110,"date":"2025-10-15T21:27:51","date_gmt":"2025-10-15T19:27:51","guid":{"rendered":"https:\/\/www.pastisseriagirones.cat\/?page_id=6110"},"modified":"2025-11-26T15:20:49","modified_gmt":"2025-11-26T14:20:49","slug":"declaracio-daccessibilitat","status":"publish","type":"page","link":"https:\/\/www.pastisseriagirones.cat\/fr\/declaracio-daccessibilitat\/","title":{"rendered":"D\u00e9claration d'accessibilit\u00e9"},"content":{"rendered":"<h3 class=\"wp-block-heading\">\u00c9tat de conformit\u00e9<\/h3>\n\n\n\n<p>Lu\u00eds Ram\u00f3n Chamorro Pentinat (ci-apr\u00e8s, \u00e9galement le Site Web) est partiellement conforme au D\u00e9cret Royal 1112\/2018 du 7 septembre, en raison du non-respect des aspects indiqu\u00e9s ci-dessous.<\/p>\n\n\n\n<h4 class=\"wp-block-heading\">Contenu inaccessible<\/h4>\n\n\n\n<p>Le contenu ci-dessous n'est pas accessible pour les raisons suivantes:<\/p>\n\n\n\n<p><strong>a. Non-respect du d\u00e9cret royal 1112\/2018\u00a0:<\/strong><\/p>\n\n\n\n<ul class=\"wp-block-list\">\n<li>Il peut exister un contenu non textuel qui n'a pas d'\u00e9quivalent textuel, ou qui poss\u00e8de un \u00e9quivalent textuel insuffisant.<\/li>\n\n\n\n<li>Il peut exister des documents contenant des images qui ne disposent pas d'une alternative textuelle appropri\u00e9e.<\/li>\n<\/ul>\n\n\n\n<p><strong>b. C\u00e0rrega desproporcionada:<\/strong>&nbsp;No s\u2019aplica.<\/p>\n\n\n\n<p><strong>c. Contingut no entra dins l\u2019\u00e0mbit de la legislaci\u00f3 aplicable:<\/strong><\/p>\n\n\n\n<ul class=\"wp-block-list\">\n<li>Certains fichiers de logiciels bureautiques, notamment au format PDF, publi\u00e9s avant le 20 septembre 2018, peuvent ne pas \u00eatre enti\u00e8rement conformes aux exigences d'accessibilit\u00e9. Des efforts ont \u00e9t\u00e9 d\u00e9ploy\u00e9s pour garantir la conformit\u00e9 de la majorit\u00e9 d'entre eux.<\/li>\n\n\n\n<li>Il peut exister du contenu tiers qui n'est pas d\u00e9velopp\u00e9 dans cette unit\u00e9 ou sous son contr\u00f4le, tel que des images, des cartes interactives, des vid\u00e9os, des documents, des lecteurs, etc.<\/li>\n\n\n\n<li>Le site web est cr\u00e9\u00e9 avec un CMS (WordPress), donc en raison de toute mise \u00e0 jour ou modification des syst\u00e8mes, tout le contenu g\u00e9n\u00e9r\u00e9 ou auto-g\u00e9n\u00e9r\u00e9 peut ne pas \u00eatre conforme \u00e0 toutes les r\u00e9glementations d'accessibilit\u00e9.<\/li>\n<\/ul>\n\n\n\n<h4 class=\"wp-block-heading\">Pr\u00e9paration de cette d\u00e9claration d'accessibilit\u00e9<\/h4>\n\n\n\n<p>Ce document a \u00e9t\u00e9 \u00e9tabli le 25\/10\/2025<\/p>\n\n\n\n<p>La m\u00e9thode utilis\u00e9e pour \u00e9tablir la d\u00e9claration \u00e9tait une auto-\u00e9valuation r\u00e9alis\u00e9e par l'entreprise elle-m\u00eame.<\/p>\n\n\n\n<p>Derni\u00e8re mise \u00e0 jour de la d\u00e9claration: 25\/10\/2025<\/p>\n\n\n\n<h4 class=\"wp-block-heading\">Observations et coordonn\u00e9es<\/h4>\n\n\n\n<p>Elle peut diffuser des communications relatives aux exigences d\u2019accessibilit\u00e9 (article 10.2.a du d\u00e9cret royal 1112\/2018 du 7 septembre), par exemple:<\/p>\n\n\n\n<ul class=\"wp-block-list\">\n<li>Signalez tout cas de non-conformit\u00e9 \u00e9ventuelle de ce site web.<\/li>\n\n\n\n<li>Signaler d'autres difficult\u00e9s d'acc\u00e8s au contenu.<\/li>\n\n\n\n<li>N'h\u00e9sitez pas \u00e0 poser d'autres questions ou \u00e0 faire des suggestions d'am\u00e9lioration concernant l'accessibilit\u00e9 du site web.<\/li>\n<\/ul>\n\n\n\n<p>Par les canaux suivants:<\/p>\n\n\n\n<ul class=\"wp-block-list\">\n<li>Email: pastisseriagirones@hotmail.es<\/li>\n\n\n\n<li>T\u00e9l\u00e9phone : 972 320 695<\/li>\n<\/ul>\n\n\n\n<p>Conform\u00e9ment \u00e0 l'article 10.2.b du d\u00e9cret royal 1112\/2018, vous pouvez \u00e9galement pr\u00e9senter:<\/p>\n\n\n\n<ul class=\"wp-block-list\">\n<li>Une plainte concernant le respect des exigences du d\u00e9cret royal 1112\/2018.<\/li>\n\n\n\n<li>Une demande d'information accessible concernant:\n<ul class=\"wp-block-list\">\n<li>Contenus exclus du champ d\u2019application du RD 1112\/2018 tel qu\u2019\u00e9tabli \u00e0 l\u2019article 3, section 4.<\/li>\n\n\n\n<li>Contenu exempt\u00e9 des exigences d'accessibilit\u00e9 car il impose une charge disproportionn\u00e9e.<\/li>\n<\/ul>\n<\/li>\n<\/ul>\n\n\n\n<p>Dans la demande d'acc\u00e8s \u00e0 l'information, il est n\u00e9cessaire de pr\u00e9ciser, avec une clart\u00e9 totale, les faits, les raisons et la demande qui permettent d'\u00e9tablir qu'il s'agit d'une demande raisonnable et l\u00e9gitime.<\/p>\n\n\n\n<p>Les communications seront re\u00e7ues et trait\u00e9es par la direction de l'entreprise, responsable du contenu de ce site web.<\/p>\n\n\n\n<h4 class=\"wp-block-heading\">Contenu optionnel<\/h4>\n\n\n\n<p>La version actuellement visible de ce site web date du 15\/10\/2025 et le niveau d'accessibilit\u00e9 a \u00e9t\u00e9 revu \u00e0 cette date.<\/p>\n\n\n\n<p>\u00c0 compter de la date susmentionn\u00e9e, des examens partiels quotidiens des contenus web nouveaux ou modifi\u00e9s sont effectu\u00e9s, tant des mod\u00e8les que des pages et documents publi\u00e9s finaux, afin de garantir la conformit\u00e9 aux exigences d'accessibilit\u00e9 de la norme UNE-EN 301549:2022, compte tenu des exceptions pr\u00e9vues par le d\u00e9cret royal 1112\/7 de septembre.<\/p>\n\n\n\n<p>Parmi les mesures adopt\u00e9es pour faciliter l'accessibilit\u00e9, on peut citer:<\/p>\n\n\n\n<ul class=\"wp-block-list\">\n<li>Utilisation de texte alternatif dans les images.<\/li>\n\n\n\n<li>Les liens fournissent des d\u00e9tails sur la fonction ou la destination du lien hypertexte.<\/li>\n\n\n\n<li>Utilisation des normes W3C\u00a0: XHTML 1.0, CSS 3.0, WAI AA.<\/li>\n<\/ul>\n\n\n\n<h4 class=\"wp-block-heading\">Compatibilit\u00e9<\/h4>\n\n\n\n<p>Le site web:<\/p>\n\n\n\n<ul class=\"wp-block-list\">\n<li>Il a \u00e9t\u00e9 con\u00e7u pour s'adapter aux normes et r\u00e9glementations actuelles en mati\u00e8re d'accessibilit\u00e9, en se conformant aux points de contr\u00f4le de priorit\u00e9 2 (AA) d\u00e9finis dans la sp\u00e9cification des directives d'accessibilit\u00e9 du contenu Web (WCAG 2.1).<\/li>\n\n\n\n<li>Il est optimis\u00e9 pour les derni\u00e8res versions de Chrome, Edge, Firefox, Safari et Opera.<\/li>\n\n\n\n<li>Il est con\u00e7u pour un affichage correct sur toutes les r\u00e9solutions et sur ordinateur, tablette ou appareil mobile (conception adaptative).<\/li>\n\n\n\n<li>Il a \u00e9t\u00e9 r\u00e9alis\u00e9 en utilisant HTML5 comme langage de balisage et les feuilles de style CSS3 pour la conception.<\/li>\n<\/ul>\n\n\n\n<p>De plus, un travail continu est men\u00e9 pour auditer et r\u00e9viser le contenu afin d'en faciliter l'interpr\u00e9tation et d'am\u00e9liorer la navigation sur le portail web.<\/p>","protected":false},"excerpt":{"rendered":"<p>Situaci\u00f3 de compliment Lu\u00eds Ram\u00f3n Chamorro Pentinat (d\u2019ara endavant, tamb\u00e9 Lloc Web) \u00e9s parcialment conforme amb el Reial Decret 1112\/2018, de 7 de setembre, a causa de la manca de conformitat dels aspectes que s\u2019indiquen a continuaci\u00f3. Contingut no accessible El contingut que es recull a continuaci\u00f3 no \u00e9s accessible pels motius seg\u00fcents: a. Manca<br \/><a class=\"moretag\" href=\"https:\/\/www.pastisseriagirones.cat\/fr\/declaracio-daccessibilitat\/\">+ Read More<\/a><\/p>","protected":false},"author":1,"featured_media":0,"parent":0,"menu_order":0,"comment_status":"closed","ping_status":"closed","template":"templates\/page-fullwidth_template.php","meta":{"footnotes":""},"class_list":["post-6110","page","type-page","status-publish","hentry"],"_links":{"self":[{"href":"https:\/\/www.pastisseriagirones.cat\/fr\/wp-json\/wp\/v2\/pages\/6110","targetHints":{"allow":["GET"]}}],"collection":[{"href":"https:\/\/www.pastisseriagirones.cat\/fr\/wp-json\/wp\/v2\/pages"}],"about":[{"href":"https:\/\/www.pastisseriagirones.cat\/fr\/wp-json\/wp\/v2\/types\/page"}],"author":[{"embeddable":true,"href":"https:\/\/www.pastisseriagirones.cat\/fr\/wp-json\/wp\/v2\/users\/1"}],"replies":[{"embeddable":true,"href":"https:\/\/www.pastisseriagirones.cat\/fr\/wp-json\/wp\/v2\/comments?post=6110"}],"version-history":[{"count":1,"href":"https:\/\/www.pastisseriagirones.cat\/fr\/wp-json\/wp\/v2\/pages\/6110\/revisions"}],"predecessor-version":[{"id":6216,"href":"https:\/\/www.pastisseriagirones.cat\/fr\/wp-json\/wp\/v2\/pages\/6110\/revisions\/6216"}],"wp:attachment":[{"href":"https:\/\/www.pastisseriagirones.cat\/fr\/wp-json\/wp\/v2\/media?parent=6110"}],"curies":[{"name":"wp","href":"https:\/\/api.w.org\/{rel}","templated":true}]}}